{"id":8,"date":"2023-05-11T09:31:01","date_gmt":"2023-05-11T09:31:01","guid":{"rendered":"https:\/\/jovanoviclegal.com\/?page_id=8"},"modified":"2023-06-14T08:59:20","modified_gmt":"2023-06-14T08:59:20","slug":"o-nama","status":"publish","type":"page","link":"https:\/\/jovanoviclegal.com\/en\/o-nama\/","title":{"rendered":"About us"},"content":{"rendered":"<div data-elementor-type=\"wp-page\" data-elementor-id=\"8\" class=\"elementor elementor-8\">\n\t\t\t\t\t\t<section class=\"elementor-section elementor-top-section elementor-element elementor-element-11ba22b elementor-section-full_width elementor-section-height-default elementor-section-height-default\" data-id=\"11ba22b\" data-element_type=\"section\">\n\t\t\t\t\t\t<div class=\"elementor-container elementor-column-gap-default\">\n\t\t\t\t\t<div class=\"elementor-column elementor-col-50 elementor-top-column elementor-element elementor-element-5679258\" data-id=\"5679258\" data-element_type=\"column\" data-settings=\"{&quot;background_background&quot;:&quot;classic&quot;}\">\n\t\t\t<div class=\"elementor-widget-wrap elementor-element-populated\">\n\t\t\t\t\t<div class=\"elementor-background-overlay\"><\/div>\n\t\t\t\t\t\t<div class=\"elementor-element elementor-element-68a952c elementor-widget elementor-widget-heading\" data-id=\"68a952c\" data-element_type=\"widget\" data-widget_type=\"heading.default\">\n\t\t\t\t<div class=\"elementor-widget-container\">\n\t\t\t<style>\/*! elementor - v3.23.0 - 05-08-2024 *\/\n.elementor-heading-title{padding:0;margin:0;line-height:1}.elementor-widget-heading .elementor-heading-title[class*=elementor-size-]>a{color:inherit;font-size:inherit;line-height:inherit}.elementor-widget-heading .elementor-heading-title.elementor-size-small{font-size:15px}.elementor-widget-heading .elementor-heading-title.elementor-size-medium{font-size:19px}.elementor-widget-heading .elementor-heading-title.elementor-size-large{font-size:29px}.elementor-widget-heading .elementor-heading-title.elementor-size-xl{font-size:39px}.elementor-widget-heading .elementor-heading-title.elementor-size-xxl{font-size:59px}<\/style><h1 class=\"elementor-heading-title elementor-size-default\">About us<\/h1>\t\t<\/div>\n\t\t\t\t<\/div>\n\t\t\t\t<div class=\"elementor-element elementor-element-48090ea elementor-widget elementor-widget-shortcode\" data-id=\"48090ea\" data-element_type=\"widget\" data-widget_type=\"shortcode.default\">\n\t\t\t\t<div class=\"elementor-widget-container\">\n\t\t\t\t\t<div class=\"elementor-shortcode\"><nav aria-label=\"breadcrumbs\" class=\"rank-math-breadcrumb\"><p><span class=\"last\">Home<\/span><\/p><\/nav><\/div>\n\t\t\t\t<\/div>\n\t\t\t\t<\/div>\n\t\t\t\t\t<\/div>\n\t\t<\/div>\n\t\t\t\t<div class=\"elementor-column elementor-col-50 elementor-top-column elementor-element elementor-element-221d917\" data-id=\"221d917\" data-element_type=\"column\" data-settings=\"{&quot;background_background&quot;:&quot;classic&quot;}\">\n\t\t\t<div class=\"elementor-widget-wrap elementor-element-populated\">\n\t\t\t\t\t\t<div class=\"elementor-element elementor-element-ae856c8 elementor-widget elementor-widget-heading\" data-id=\"ae856c8\" data-element_type=\"widget\" data-widget_type=\"heading.default\">\n\t\t\t\t<div class=\"elementor-widget-container\">\n\t\t\t<h2 class=\"elementor-heading-title elementor-size-default\">About our office<\/h2>\t\t<\/div>\n\t\t\t\t<\/div>\n\t\t\t\t<div class=\"elementor-element elementor-element-c880408 elementor-widget-divider--view-line elementor-widget elementor-widget-divider\" data-id=\"c880408\" data-element_type=\"widget\" data-widget_type=\"divider.default\">\n\t\t\t\t<div class=\"elementor-widget-container\">\n\t\t\t<style>\/*! elementor - v3.23.0 - 05-08-2024 *\/\n.elementor-widget-divider{--divider-border-style:none;--divider-border-width:1px;--divider-color:#0c0d0e;--divider-icon-size:20px;--divider-element-spacing:10px;--divider-pattern-height:24px;--divider-pattern-size:20px;--divider-pattern-url:none;--divider-pattern-repeat:repeat-x}.elementor-widget-divider .elementor-divider{display:flex}.elementor-widget-divider .elementor-divider__text{font-size:15px;line-height:1;max-width:95%}.elementor-widget-divider .elementor-divider__element{margin:0 var(--divider-element-spacing);flex-shrink:0}.elementor-widget-divider .elementor-icon{font-size:var(--divider-icon-size)}.elementor-widget-divider .elementor-divider-separator{display:flex;margin:0;direction:ltr}.elementor-widget-divider--view-line_icon .elementor-divider-separator,.elementor-widget-divider--view-line_text .elementor-divider-separator{align-items:center}.elementor-widget-divider--view-line_icon .elementor-divider-separator:after,.elementor-widget-divider--view-line_icon .elementor-divider-separator:before,.elementor-widget-divider--view-line_text .elementor-divider-separator:after,.elementor-widget-divider--view-line_text .elementor-divider-separator:before{display:block;content:\"\";border-block-end:0;flex-grow:1;border-block-start:var(--divider-border-width) var(--divider-border-style) var(--divider-color)}.elementor-widget-divider--element-align-left .elementor-divider .elementor-divider-separator>.elementor-divider__svg:first-of-type{flex-grow:0;flex-shrink:100}.elementor-widget-divider--element-align-left .elementor-divider-separator:before{content:none}.elementor-widget-divider--element-align-left .elementor-divider__element{margin-left:0}.elementor-widget-divider--element-align-right .elementor-divider .elementor-divider-separator>.elementor-divider__svg:last-of-type{flex-grow:0;flex-shrink:100}.elementor-widget-divider--element-align-right .elementor-divider-separator:after{content:none}.elementor-widget-divider--element-align-right .elementor-divider__element{margin-right:0}.elementor-widget-divider--element-align-start .elementor-divider .elementor-divider-separator>.elementor-divider__svg:first-of-type{flex-grow:0;flex-shrink:100}.elementor-widget-divider--element-align-start .elementor-divider-separator:before{content:none}.elementor-widget-divider--element-align-start .elementor-divider__element{margin-inline-start:0}.elementor-widget-divider--element-align-end .elementor-divider .elementor-divider-separator>.elementor-divider__svg:last-of-type{flex-grow:0;flex-shrink:100}.elementor-widget-divider--element-align-end .elementor-divider-separator:after{content:none}.elementor-widget-divider--element-align-end .elementor-divider__element{margin-inline-end:0}.elementor-widget-divider:not(.elementor-widget-divider--view-line_text):not(.elementor-widget-divider--view-line_icon) .elementor-divider-separator{border-block-start:var(--divider-border-width) var(--divider-border-style) var(--divider-color)}.elementor-widget-divider--separator-type-pattern{--divider-border-style:none}.elementor-widget-divider--separator-type-pattern.elementor-widget-divider--view-line .elementor-divider-separator,.elementor-widget-divider--separator-type-pattern:not(.elementor-widget-divider--view-line) .elementor-divider-separator:after,.elementor-widget-divider--separator-type-pattern:not(.elementor-widget-divider--view-line) .elementor-divider-separator:before,.elementor-widget-divider--separator-type-pattern:not([class*=elementor-widget-divider--view]) .elementor-divider-separator{width:100%;min-height:var(--divider-pattern-height);-webkit-mask-size:var(--divider-pattern-size) 100%;mask-size:var(--divider-pattern-size) 100%;-webkit-mask-repeat:var(--divider-pattern-repeat);mask-repeat:var(--divider-pattern-repeat);background-color:var(--divider-color);-webkit-mask-image:var(--divider-pattern-url);mask-image:var(--divider-pattern-url)}.elementor-widget-divider--no-spacing{--divider-pattern-size:auto}.elementor-widget-divider--bg-round{--divider-pattern-repeat:round}.rtl .elementor-widget-divider .elementor-divider__text{direction:rtl}.e-con-inner>.elementor-widget-divider,.e-con>.elementor-widget-divider{width:var(--container-widget-width,100%);--flex-grow:var(--container-widget-flex-grow)}<\/style>\t\t<div class=\"elementor-divider\">\n\t\t\t<span class=\"elementor-divider-separator\">\n\t\t\t\t\t\t<\/span>\n\t\t<\/div>\n\t\t\t\t<\/div>\n\t\t\t\t<\/div>\n\t\t\t\t<div class=\"elementor-element elementor-element-b8a323b elementor-widget elementor-widget-text-editor\" data-id=\"b8a323b\" data-element_type=\"widget\" data-widget_type=\"text-editor.default\">\n\t\t\t\t<div class=\"elementor-widget-container\">\n\t\t\t<style>\/*! elementor - v3.23.0 - 05-08-2024 *\/\n.elementor-widget-text-editor.elementor-drop-cap-view-stacked .elementor-drop-cap{background-color:#69727d;color:#fff}.elementor-widget-text-editor.elementor-drop-cap-view-framed .elementor-drop-cap{color:#69727d;border:3px solid;background-color:transparent}.elementor-widget-text-editor:not(.elementor-drop-cap-view-default) .elementor-drop-cap{margin-top:8px}.elementor-widget-text-editor:not(.elementor-drop-cap-view-default) .elementor-drop-cap-letter{width:1em;height:1em}.elementor-widget-text-editor .elementor-drop-cap{float:left;text-align:center;line-height:1;font-size:50px}.elementor-widget-text-editor .elementor-drop-cap-letter{display:inline-block}<\/style>\t\t\t\t<p>Experience gained in the leading law offices in the country enables us to provide legal services to domestic and foreign legal entities and individuals on a high level. We are here to answer all your questions and concerns. We have considerable experience in representation in commercial and property disputes of high value, as well as in drafting legal opinions in Serbian and English. We do not shy away from taking on complex cases, moreover, they inspire us in our work. We are here not only to advise you but to find an ideal solution to your problem.<\/p>\t\t\t\t\t\t<\/div>\n\t\t\t\t<\/div>\n\t\t\t\t<section class=\"elementor-section elementor-inner-section elementor-element elementor-element-e292180 elementor-section-boxed elementor-section-height-default elementor-section-height-default\" data-id=\"e292180\" data-element_type=\"section\">\n\t\t\t\t\t\t<div class=\"elementor-container elementor-column-gap-default\">\n\t\t\t\t\t<div class=\"elementor-column elementor-col-33 elementor-inner-column elementor-element elementor-element-b1c60c1\" data-id=\"b1c60c1\" data-element_type=\"column\">\n\t\t\t<div class=\"elementor-widget-wrap elementor-element-populated\">\n\t\t\t\t\t\t<div class=\"elementor-element elementor-element-816d5ba elementor-view-default elementor-position-top elementor-mobile-position-top elementor-widget elementor-widget-icon-box\" data-id=\"816d5ba\" data-element_type=\"widget\" data-widget_type=\"icon-box.default\">\n\t\t\t\t<div class=\"elementor-widget-container\">\n\t\t\t<link rel=\"stylesheet\" href=\"https:\/\/jovanoviclegal.com\/wp-content\/uploads\/elementor\/css\/custom-widget-icon-box.min.css?ver=1685710941\">\t\t<div class=\"elementor-icon-box-wrapper\">\n\n\t\t\t\t\t\t<div class=\"elementor-icon-box-icon\">\n\t\t\t\t<span  class=\"elementor-icon elementor-animation-\">\n\t\t\t\t<svg xmlns=\"http:\/\/www.w3.org\/2000\/svg\" id=\"Layer_1\" data-name=\"Layer 1\" viewbox=\"0 0 383.14 383.24\"><defs><style>.cls-1{fill:#152a70;}<\/style><\/defs><path class=\"cls-1\" d=\"M-432.25,490c8.09-14,16.23-28,24.21-42.13,1.21-2.13,2.52-2.94,5-2.84,5.33.2,10.68.06,16.43.06V422.72h22.51v-4.21q0-121.42,0-242.84c0-2.52-.58-3.85-3.08-5a33.28,33.28,0,0,1-18.56-37.81,33.9,33.9,0,0,1,32.45-26.1,33.8,33.8,0,0,1,33.1,25.73A33.14,33.14,0,0,1-338,170.32c-2.92,1.41-3.79,2.92-3.79,6.1q.17,120.68.08,241.34v4.83h22.38v22.5c5.45,0,10.64.14,15.81-.06,2.45-.1,3.76.71,5,2.84,8,14.09,16.12,28.1,24.21,42.13Z\" transform=\"translate(432.25 -106.76)\"><\/path><path class=\"cls-1\" d=\"M-319,330.39V193.47c3.34.81,6.43,1.8,9.59,2.29,15.92,2.52,30.64-1.49,44.76-8.54,12.92-6.46,25.55-13.57,38.79-19.28,23.87-10.3,48.7-17,75-16.19s51.76,6.94,76.19,17c8.24,3.39,16.5,6.73,25.57,10.43-30.77,11.58-62,20.32-87.86,41.38,15.72,24.06,20.72,51.26,24.52,79.52-3.83-1.51-7.21-2.87-10.61-4.19-6.49-2.53-12.95-5.16-19.51-7.52-9-3.27-17.7-2-25.83,2.88a88.57,88.57,0,0,0-10.78,7.39C-199.41,315.4-223,324.37-248.57,329-271.83,333.19-295.19,333.36-319,330.39Z\" transform=\"translate(432.25 -106.76)\"><\/path><\/svg>\t\t\t\t<\/span>\n\t\t\t<\/div>\n\t\t\t\n\t\t\t\t\t\t<div class=\"elementor-icon-box-content\">\n\n\t\t\t\t\t\t\t\t\t<h3 class=\"elementor-icon-box-title\">\n\t\t\t\t\t\t<span  >\n\t\t\t\t\t\t\tMission\t\t\t\t\t\t<\/span>\n\t\t\t\t\t<\/h3>\n\t\t\t\t\n\t\t\t\t\n\t\t\t<\/div>\n\t\t\t\n\t\t<\/div>\n\t\t\t\t<\/div>\n\t\t\t\t<\/div>\n\t\t\t\t\t<\/div>\n\t\t<\/div>\n\t\t\t\t<div class=\"elementor-column elementor-col-33 elementor-inner-column elementor-element elementor-element-0c4c807\" data-id=\"0c4c807\" data-element_type=\"column\">\n\t\t\t<div class=\"elementor-widget-wrap elementor-element-populated\">\n\t\t\t\t\t\t<div class=\"elementor-element elementor-element-25c5b75 elementor-view-default elementor-position-top elementor-mobile-position-top elementor-widget elementor-widget-icon-box\" data-id=\"25c5b75\" data-element_type=\"widget\" data-widget_type=\"icon-box.default\">\n\t\t\t\t<div class=\"elementor-widget-container\">\n\t\t\t\t\t<div class=\"elementor-icon-box-wrapper\">\n\n\t\t\t\t\t\t<div class=\"elementor-icon-box-icon\">\n\t\t\t\t<span  class=\"elementor-icon elementor-animation-\">\n\t\t\t\t<svg xmlns=\"http:\/\/www.w3.org\/2000\/svg\" id=\"Layer_1\" data-name=\"Layer 1\" viewbox=\"0 0 383.28 330.74\"><defs><style>.cls-1{fill:#152a70;}<\/style><\/defs><path class=\"cls-1\" d=\"M553,216.6c-2.77,3-5.58,5.91-8.3,8.93a303.73,303.73,0,0,1-37.44,35.16c-3.32-3.5-6.61-7-9.94-10.47a54.47,54.47,0,0,0-28.55-16.09c-4.45-.93-9-1.17-13.94-1.76a103,103,0,0,0,6.85-51c-2.12-17.41-8.41-33.2-18.3-47.95,1.53.69,3.08,1.35,4.6,2.06,38.51,18,71.37,43.54,100,74.72,1.57,1.7,3.32,3.24,5,4.85Z\" transform=\"translate(-169.72 -36.67)\"><\/path><path class=\"cls-1\" d=\"M408.65,256.78c-38.19,27.44-86.63,15.86-110.39-16.21-23.35-31.51-19.94-75.8,8.14-103.13a78.76,78.76,0,0,1,103.32-5.78c31.31,24.21,41.69,71.66,14.74,109.27,5.56,5.53,11.16,11.17,16.87,16.67.48.47,1.84.38,2.64.1,14.73-5.18,27.33-1.93,38.26,9.11,17.73,17.9,35.6,35.66,53,53.09l-47.5,47.51c-.12-.1-1-.76-1.73-1.51q-26.2-26.19-52.39-52.4c-10.42-10.47-13.14-22.78-8.46-36.78.34-1,.52-2.69,0-3.29C419.72,267.77,414.13,262.28,408.65,256.78Zm-47.1-29.55A33.66,33.66,0,1,0,327.7,194,33.65,33.65,0,0,0,361.55,227.23Z\" transform=\"translate(-169.72 -36.67)\"><\/path><path class=\"cls-1\" d=\"M169.72,216.13c31-35.37,66.81-63.52,109.65-82.76-26.2,42.71-27.74,85.15,4.4,124.34,30.67,37.4,71.16,44.7,115.92,30,1.5,7.71,3.07,15.72,4.77,24.44-5.66,1-11.94,2.35-18.28,3.24-38.35,5.39-74.66-2-109.52-17.88C235,278.5,200.17,250.48,169.72,216.13Z\" transform=\"translate(-169.72 -36.67)\"><\/path><path class=\"cls-1\" d=\"M424.79,90.49c4.84-14.27,9.57-28.23,14.4-42.46l21.24,7.22C455.59,69.54,450.85,83.5,446,97.71Z\" transform=\"translate(-169.72 -36.67)\"><\/path><path class=\"cls-1\" d=\"M229.24,121l-18.91,12.08L186.17,95.25,205.1,83.17C213.19,95.85,221.12,108.29,229.24,121Z\" transform=\"translate(-169.72 -36.67)\"><\/path><path class=\"cls-1\" d=\"M493.49,120.94l24.15-37.83,18.92,12.07c-8.12,12.72-16.06,25.16-24.15,37.85Z\" transform=\"translate(-169.72 -36.67)\"><\/path><path class=\"cls-1\" d=\"M372.37,81.13h-22V36.67h22Z\" transform=\"translate(-169.72 -36.67)\"><\/path><path class=\"cls-1\" d=\"M298,90.4l-21.24,7.23c-4.82-14.23-9.56-28.18-14.4-42.45L283.62,48C288.44,62.17,293.17,76.11,298,90.4Z\" transform=\"translate(-169.72 -36.67)\"><\/path><path class=\"cls-1\" d=\"M361.22,204.77a11.16,11.16,0,0,1-11.07-11.19,11.22,11.22,0,1,1,22.43.28A11.15,11.15,0,0,1,361.22,204.77Z\" transform=\"translate(-169.72 -36.67)\"><\/path><\/svg>\t\t\t\t<\/span>\n\t\t\t<\/div>\n\t\t\t\n\t\t\t\t\t\t<div class=\"elementor-icon-box-content\">\n\n\t\t\t\t\t\t\t\t\t<h3 class=\"elementor-icon-box-title\">\n\t\t\t\t\t\t<span  >\n\t\t\t\t\t\t\tVision\t\t\t\t\t\t<\/span>\n\t\t\t\t\t<\/h3>\n\t\t\t\t\n\t\t\t\t\n\t\t\t<\/div>\n\t\t\t\n\t\t<\/div>\n\t\t\t\t<\/div>\n\t\t\t\t<\/div>\n\t\t\t\t\t<\/div>\n\t\t<\/div>\n\t\t\t\t<div class=\"elementor-column elementor-col-33 elementor-inner-column elementor-element elementor-element-c16109d\" data-id=\"c16109d\" data-element_type=\"column\">\n\t\t\t<div class=\"elementor-widget-wrap elementor-element-populated\">\n\t\t\t\t\t\t<div class=\"elementor-element elementor-element-59a3557 elementor-view-default elementor-position-top elementor-mobile-position-top elementor-widget elementor-widget-icon-box\" data-id=\"59a3557\" data-element_type=\"widget\" data-widget_type=\"icon-box.default\">\n\t\t\t\t<div class=\"elementor-widget-container\">\n\t\t\t\t\t<div class=\"elementor-icon-box-wrapper\">\n\n\t\t\t\t\t\t<div class=\"elementor-icon-box-icon\">\n\t\t\t\t<span  class=\"elementor-icon elementor-animation-\">\n\t\t\t\t<svg xmlns=\"http:\/\/www.w3.org\/2000\/svg\" id=\"Layer_1\" data-name=\"Layer 1\" viewbox=\"0 0 512 512\"><defs><style>.cls-1{fill:#152a70;}<\/style><\/defs><path class=\"cls-1\" d=\"M-259,38c9.7,1.33,19.45,2.4,29.09,4A243.69,243.69,0,0,1-169.5,60.8c-13.86,14.25-27.34,28.13-41.18,42.37-108.17-35.57-203.74,24.45-241.43,95.64-41.6,78.58-27.61,175.1,35.2,237.39a201.43,201.43,0,0,0,237.47,34.71c72.81-39,130.27-135,95.25-241.22l42.32-41.1c.76,1.64,1.46,3,2.08,4.5a250.63,250.63,0,0,1,19.93,80.55A34.63,34.63,0,0,0-19,278v32c-.75,6.09-1.4,12.19-2.26,18.26-7.29,51.5-27.94,96.95-62.63,135.7-39.4,44-88.3,71.53-146.54,82.06-9.45,1.71-19,2.67-28.57,4h-32c-6.25-.77-12.51-1.44-18.73-2.33-50.76-7.29-95.65-27.56-134.07-61.56-44.67-39.54-72.54-88.74-83.21-147.51-1.72-9.46-2.68-19.06-4-28.6V278a36.7,36.7,0,0,0,.85-4.35c2.73-35.51,12.18-69.17,29.5-100.23,40.06-71.87,100.54-116,181.56-131.49,9.27-1.78,18.72-2.64,28.09-3.93Z\" transform=\"translate(531 -38)\"><\/path><path class=\"cls-1\" d=\"M-104,289.7c0,90.64-65.21,164.12-150.67,174.13-88.58,10.37-170.74-49.18-188.07-136.33-18.36-92.32,41.33-182.13,133.9-201.11,30.69-6.29,60.95-4,90.59,6.28,3.06,1.06,4.45,2.39,4.62,5.84.41,8.48,1.47,16.93,2,25.4a7,7,0,0,1-1.77,4.74c-6.34,6.62-12.77,13.16-19.49,19.38-1.25,1.16-4.23,1.47-6,.89-44.41-14.53-91.2-2.06-120.83,33.68-26.76,32.27-33.75,69.26-19.55,108.68s43.13,64.07,84.59,71.71c70.71,13,134.35-43.4,130.35-115.13-.56-10-3.51-19.92-5.81-29.77-.68-2.92-.78-4.8,1.53-7,6.28-6,12.19-12.31,18.53-18.22a9,9,0,0,1,6-2.11c8.14.39,16.26,1.46,24.4,1.81,3.69.16,5,1.78,6.11,5C-107.26,255.87-104.11,274.64-104,289.7Z\" transform=\"translate(531 -38)\"><\/path><path class=\"cls-1\" d=\"M-87.15,106.1c15.1,1.31,29.51,2.69,43.94,3.75,7,.52,12.29,3.26,14.8,9.91s.29,12.26-4.65,17.18q-30.46,30.3-60.77,60.78a18.21,18.21,0,0,1-15.73,5.69q-23.37-2.29-46.8-3.83c-2-.12-4.51,1.66-6.1,3.25Q-211.35,251.47-260,300.3a71.55,71.55,0,0,1-5.41,5.19,14.88,14.88,0,0,1-20-.8,14.94,14.94,0,0,1-.88-20.41,54.72,54.72,0,0,1,3.82-3.95q49.45-49.48,99-98.9a9.11,9.11,0,0,0,3-8.28c-1.56-15.57-3.09-31.17-3.76-46.79a17.93,17.93,0,0,1,4.55-12c20.77-21.39,42-42.35,63.1-63.4,4.56-4.54,10.1-5.79,16.09-3.47s9.07,7,9.61,13.42C-89.73,75.79-88.46,90.69-87.15,106.1Z\" transform=\"translate(531 -38)\"><\/path><path class=\"cls-1\" d=\"M-258.84,216.46c-1.62.88-3.55,1.43-4.81,2.67-14.67,14.55-29.41,29-43.8,43.86A44.26,44.26,0,0,0-316,312.55a44.87,44.87,0,0,0,43.39,26.34c11.82-.61,21.81-5.43,30.15-13.82,14.11-14.17,28.29-28.27,42.38-42.46,1.23-1.25,2-3,3.35-4.07,6.92,22.61-.5,61.74-34.58,83.57A80.72,80.72,0,0,1-329,354.29,81,81,0,0,1-347.54,258c16.22-32.4,51.81-50.21,86.94-43.5Z\" transform=\"translate(531 -38)\"><\/path><\/svg>\t\t\t\t<\/span>\n\t\t\t<\/div>\n\t\t\t\n\t\t\t\t\t\t<div class=\"elementor-icon-box-content\">\n\n\t\t\t\t\t\t\t\t\t<h3 class=\"elementor-icon-box-title\">\n\t\t\t\t\t\t<span  >\n\t\t\t\t\t\t\tGoals\t\t\t\t\t\t<\/span>\n\t\t\t\t\t<\/h3>\n\t\t\t\t\n\t\t\t\t\n\t\t\t<\/div>\n\t\t\t\n\t\t<\/div>\n\t\t\t\t<\/div>\n\t\t\t\t<\/div>\n\t\t\t\t\t<\/div>\n\t\t<\/div>\n\t\t\t\t\t<\/div>\n\t\t<\/section>\n\t\t\t\t\t<\/div>\n\t\t<\/div>\n\t\t\t\t\t<\/div>\n\t\t<\/section>\n\t\t\t\t<\/div>","protected":false},"excerpt":{"rendered":"<p>O nama O na\u0161oj kancelariji Iskustvo sticano u vode\u0107im advokatskim kancelarijama u zemlji omogu\u0107ava nam da na visokom nivou pru\u017eamo pravne usluge doma\u0107im i stranim pravnim i fizi\u010dkim licima. Tu smo da odgovorimo na sve va\u0161e upite i nedoumice. Posedujemo zna\u010dajno iskustvo u zastupanju u privrednim i imovinskim sporovima visoke vrednosti, kao i u izradi [&hellip;]<\/p>","protected":false},"author":2,"featured_media":0,"parent":0,"menu_order":0,"comment_status":"closed","ping_status":"closed","template":"","meta":{"footnotes":""},"class_list":["post-8","page","type-page","status-publish","hentry"],"_links":{"self":[{"href":"https:\/\/jovanoviclegal.com\/en\/wp-json\/wp\/v2\/pages\/8","targetHints":{"allow":["GET"]}}],"collection":[{"href":"https:\/\/jovanoviclegal.com\/en\/wp-json\/wp\/v2\/pages"}],"about":[{"href":"https:\/\/jovanoviclegal.com\/en\/wp-json\/wp\/v2\/types\/page"}],"author":[{"embeddable":true,"href":"https:\/\/jovanoviclegal.com\/en\/wp-json\/wp\/v2\/users\/2"}],"replies":[{"embeddable":true,"href":"https:\/\/jovanoviclegal.com\/en\/wp-json\/wp\/v2\/comments?post=8"}],"version-history":[{"count":73,"href":"https:\/\/jovanoviclegal.com\/en\/wp-json\/wp\/v2\/pages\/8\/revisions"}],"predecessor-version":[{"id":1773,"href":"https:\/\/jovanoviclegal.com\/en\/wp-json\/wp\/v2\/pages\/8\/revisions\/1773"}],"wp:attachment":[{"href":"https:\/\/jovanoviclegal.com\/en\/wp-json\/wp\/v2\/media?parent=8"}],"curies":[{"name":"wp","href":"https:\/\/api.w.org\/{rel}","templated":true}]}}