{"id":547,"date":"2023-05-15T09:49:06","date_gmt":"2023-05-15T09:49:06","guid":{"rendered":"https:\/\/jovanoviclegal.com\/?page_id=547"},"modified":"2023-08-29T12:10:39","modified_gmt":"2023-08-29T12:10:39","slug":"privredno-pravo","status":"publish","type":"page","link":"https:\/\/jovanoviclegal.com\/en\/privredno-pravo\/","title":{"rendered":"Legal entities"},"content":{"rendered":"<div data-elementor-type=\"wp-page\" data-elementor-id=\"547\" class=\"elementor elementor-547\">\n\t\t\t\t\t\t<section class=\"elementor-section elementor-top-section elementor-element elementor-element-1362fdf elementor-section-height-min-height elementor-section-boxed elementor-section-height-default elementor-section-items-middle\" data-id=\"1362fdf\" data-element_type=\"section\" data-settings=\"{&quot;background_background&quot;:&quot;classic&quot;}\">\n\t\t\t\t\t\t\t<div class=\"elementor-background-overlay\"><\/div>\n\t\t\t\t\t\t\t<div class=\"elementor-container elementor-column-gap-default\">\n\t\t\t\t\t<div class=\"elementor-column elementor-col-100 elementor-top-column elementor-element elementor-element-4eda22a\" data-id=\"4eda22a\" data-element_type=\"column\">\n\t\t\t<div class=\"elementor-widget-wrap elementor-element-populated\">\n\t\t\t\t\t\t<div class=\"elementor-element elementor-element-1c3f531 elementor-widget elementor-widget-heading\" data-id=\"1c3f531\" data-element_type=\"widget\" data-widget_type=\"heading.default\">\n\t\t\t\t<div class=\"elementor-widget-container\">\n\t\t\t<style>\/*! elementor - v3.23.0 - 05-08-2024 *\/\n.elementor-heading-title{padding:0;margin:0;line-height:1}.elementor-widget-heading .elementor-heading-title[class*=elementor-size-]>a{color:inherit;font-size:inherit;line-height:inherit}.elementor-widget-heading .elementor-heading-title.elementor-size-small{font-size:15px}.elementor-widget-heading .elementor-heading-title.elementor-size-medium{font-size:19px}.elementor-widget-heading .elementor-heading-title.elementor-size-large{font-size:29px}.elementor-widget-heading .elementor-heading-title.elementor-size-xl{font-size:39px}.elementor-widget-heading .elementor-heading-title.elementor-size-xxl{font-size:59px}<\/style><h1 class=\"elementor-heading-title elementor-size-default\">Legal entities<\/h1>\t\t<\/div>\n\t\t\t\t<\/div>\n\t\t\t\t<div class=\"elementor-element elementor-element-3a92212 elementor-widget elementor-widget-shortcode\" data-id=\"3a92212\" data-element_type=\"widget\" data-widget_type=\"shortcode.default\">\n\t\t\t\t<div class=\"elementor-widget-container\">\n\t\t\t\t\t<div class=\"elementor-shortcode\"><nav aria-label=\"breadcrumbs\" class=\"rank-math-breadcrumb\"><p><span class=\"last\">Home<\/span><\/p><\/nav><\/div>\n\t\t\t\t<\/div>\n\t\t\t\t<\/div>\n\t\t\t\t\t<\/div>\n\t\t<\/div>\n\t\t\t\t\t<\/div>\n\t\t<\/section>\n\t\t\t\t<section class=\"elementor-section elementor-top-section elementor-element elementor-element-d0afb93 elementor-section-full_width preivredno elementor-reverse-tablet elementor-reverse-mobile elementor-section-height-default elementor-section-height-default\" data-id=\"d0afb93\" data-element_type=\"section\" id=\"privredno\" data-settings=\"{&quot;background_background&quot;:&quot;classic&quot;}\">\n\t\t\t\t\t\t<div class=\"elementor-container elementor-column-gap-default\">\n\t\t\t\t\t<div class=\"elementor-column elementor-col-50 elementor-top-column elementor-element elementor-element-ca1f8ea\" data-id=\"ca1f8ea\" data-element_type=\"column\">\n\t\t\t<div class=\"elementor-widget-wrap elementor-element-populated\">\n\t\t\t\t\t\t<div class=\"elementor-element elementor-element-d6a858a elementor-widget elementor-widget-image\" data-id=\"d6a858a\" data-element_type=\"widget\" data-widget_type=\"image.default\">\n\t\t\t\t<div class=\"elementor-widget-container\">\n\t\t\t<style>\/*! elementor - v3.23.0 - 05-08-2024 *\/\n.elementor-widget-image{text-align:center}.elementor-widget-image a{display:inline-block}.elementor-widget-image a img[src$=\".svg\"]{width:48px}.elementor-widget-image img{vertical-align:middle;display:inline-block}<\/style>\t\t\t\t\t\t\t\t\t\t<img fetchpriority=\"high\" decoding=\"async\" width=\"715\" height=\"575\" src=\"https:\/\/jovanoviclegal.com\/wp-content\/uploads\/2023\/05\/Untitled-1dsvcd.png\" class=\"attachment-large size-large wp-image-531\" alt=\"\" srcset=\"https:\/\/jovanoviclegal.com\/wp-content\/uploads\/2023\/05\/Untitled-1dsvcd.png 715w, https:\/\/jovanoviclegal.com\/wp-content\/uploads\/2023\/05\/Untitled-1dsvcd-300x241.png 300w\" sizes=\"(max-width: 715px) 100vw, 715px\" \/>\t\t\t\t\t\t\t\t\t\t\t\t\t<\/div>\n\t\t\t\t<\/div>\n\t\t\t\t\t<\/div>\n\t\t<\/div>\n\t\t\t\t<div class=\"elementor-column elementor-col-50 elementor-top-column elementor-element elementor-element-c2a486e\" data-id=\"c2a486e\" data-element_type=\"column\">\n\t\t\t<div class=\"elementor-widget-wrap elementor-element-populated\">\n\t\t\t\t\t\t<div class=\"elementor-element elementor-element-c97ee1e elementor-widget elementor-widget-heading\" data-id=\"c97ee1e\" data-element_type=\"widget\" data-widget_type=\"heading.default\">\n\t\t\t\t<div class=\"elementor-widget-container\">\n\t\t\t<h2 class=\"elementor-heading-title elementor-size-default\">Corporate law<\/h2>\t\t<\/div>\n\t\t\t\t<\/div>\n\t\t\t\t<div class=\"elementor-element elementor-element-ac9cea2 elementor-widget elementor-widget-text-editor\" data-id=\"ac9cea2\" data-element_type=\"widget\" data-widget_type=\"text-editor.default\">\n\t\t\t\t<div class=\"elementor-widget-container\">\n\t\t\t<style>\/*! elementor - v3.23.0 - 05-08-2024 *\/\n.elementor-widget-text-editor.elementor-drop-cap-view-stacked .elementor-drop-cap{background-color:#69727d;color:#fff}.elementor-widget-text-editor.elementor-drop-cap-view-framed .elementor-drop-cap{color:#69727d;border:3px solid;background-color:transparent}.elementor-widget-text-editor:not(.elementor-drop-cap-view-default) .elementor-drop-cap{margin-top:8px}.elementor-widget-text-editor:not(.elementor-drop-cap-view-default) .elementor-drop-cap-letter{width:1em;height:1em}.elementor-widget-text-editor .elementor-drop-cap{float:left;text-align:center;line-height:1;font-size:50px}.elementor-widget-text-editor .elementor-drop-cap-letter{display:inline-block}<\/style>\t\t\t\t<p>The experience gained in the leading law offices in the country along with engagement on challenging corporate projects and cases makes our office competent to provide legal assistance in a professional, reliable and efficient manner. Drafting legal opinions, daily counseling and representation of domestic and foreign business entities require a thorough approach with knowledge of regulations, case law and understanding of business. Depending on the client's needs, we are able to quickly form a team that will respond to all requirements of the specific project. Main services in the field of corporate law are:<\/p>\t\t\t\t\t\t<\/div>\n\t\t\t\t<\/div>\n\t\t\t\t<div class=\"elementor-element elementor-element-1c417ef elementor-widget elementor-widget-text-editor\" data-id=\"1c417ef\" data-element_type=\"widget\" data-widget_type=\"text-editor.default\">\n\t\t\t\t<div class=\"elementor-widget-container\">\n\t\t\t\t\t\t\t<ul><li>contract drafting and analysis, as well as representation in negotiations<\/li><li>establishment and restructuring of companies and other business entities<\/li><li>advising on daily corporate issues<\/li><li>legal due diligence<\/li><li>compliance with current regulations<\/li><li>drafting of internal acts of business entities<\/li><li>representation in bankruptcy and liquidation proceedings<\/li><\/ul>\t\t\t\t\t\t<\/div>\n\t\t\t\t<\/div>\n\t\t\t\t\t<\/div>\n\t\t<\/div>\n\t\t\t\t\t<\/div>\n\t\t<\/section>\n\t\t\t\t<section class=\"elementor-section elementor-top-section elementor-element elementor-element-88384a7 elementor-section-full_width sporova elementor-section-height-default elementor-section-height-default\" data-id=\"88384a7\" data-element_type=\"section\" id=\"sporova\" data-settings=\"{&quot;background_background&quot;:&quot;classic&quot;}\">\n\t\t\t\t\t\t<div class=\"elementor-container elementor-column-gap-default\">\n\t\t\t\t\t<div class=\"elementor-column elementor-col-50 elementor-top-column elementor-element elementor-element-ee873bd\" data-id=\"ee873bd\" data-element_type=\"column\">\n\t\t\t<div class=\"elementor-widget-wrap elementor-element-populated\">\n\t\t\t\t\t\t<div class=\"elementor-element elementor-element-8464f32 elementor-widget elementor-widget-heading\" data-id=\"8464f32\" data-element_type=\"widget\" data-widget_type=\"heading.default\">\n\t\t\t\t<div class=\"elementor-widget-container\">\n\t\t\t<h2 class=\"elementor-heading-title elementor-size-default\">Dispute Resolution<\/h2>\t\t<\/div>\n\t\t\t\t<\/div>\n\t\t\t\t<div class=\"elementor-element elementor-element-5b95e22 elementor-widget elementor-widget-text-editor\" data-id=\"5b95e22\" data-element_type=\"widget\" data-widget_type=\"text-editor.default\">\n\t\t\t\t<div class=\"elementor-widget-container\">\n\t\t\t\t\t\t\t<p>Focusing on success in disputes and understanding the needs of our clients form the core of our practice in this area. Experience in commercial disputes and high-value property disputes coupled with constant monitoring of case law and improvement gives us the ability to choose the appropriate strategy and lay the foundations for successful representation in each individual case. Dispute resolution services refer to:<\/p>\t\t\t\t\t\t<\/div>\n\t\t\t\t<\/div>\n\t\t\t\t<div class=\"elementor-element elementor-element-8e573dc elementor-widget elementor-widget-text-editor\" data-id=\"8e573dc\" data-element_type=\"widget\" data-widget_type=\"text-editor.default\">\n\t\t\t\t<div class=\"elementor-widget-container\">\n\t\t\t\t\t\t\t<ul><li>representation in civil, enforcement and bankruptcy proceedings before the courts in the Republic of Serbia<\/li><li>representation in administrative disputes before the Administrative Court of the Republic of Serbia<\/li><li>representation in arbitration proceedings before domestic and international arbitrations<\/li><\/ul>\t\t\t\t\t\t<\/div>\n\t\t\t\t<\/div>\n\t\t\t\t\t<\/div>\n\t\t<\/div>\n\t\t\t\t<div class=\"elementor-column elementor-col-50 elementor-top-column elementor-element elementor-element-fde64c6\" data-id=\"fde64c6\" data-element_type=\"column\">\n\t\t\t<div class=\"elementor-widget-wrap elementor-element-populated\">\n\t\t\t\t\t\t<div class=\"elementor-element elementor-element-fe38471 elementor-widget elementor-widget-image\" data-id=\"fe38471\" data-element_type=\"widget\" data-widget_type=\"image.default\">\n\t\t\t\t<div class=\"elementor-widget-container\">\n\t\t\t\t\t\t\t\t\t\t\t\t\t<img decoding=\"async\" width=\"715\" height=\"575\" src=\"https:\/\/jovanoviclegal.com\/wp-content\/uploads\/2023\/05\/Untitled-1efc.png\" class=\"attachment-large size-large wp-image-535\" alt=\"\" srcset=\"https:\/\/jovanoviclegal.com\/wp-content\/uploads\/2023\/05\/Untitled-1efc.png 715w, https:\/\/jovanoviclegal.com\/wp-content\/uploads\/2023\/05\/Untitled-1efc-300x241.png 300w\" sizes=\"(max-width: 715px) 100vw, 715px\" \/>\t\t\t\t\t\t\t\t\t\t\t\t\t<\/div>\n\t\t\t\t<\/div>\n\t\t\t\t\t<\/div>\n\t\t<\/div>\n\t\t\t\t\t<\/div>\n\t\t<\/section>\n\t\t\t\t<section class=\"elementor-section elementor-top-section elementor-element elementor-element-9875d33 elementor-section-full_width pravo elementor-reverse-tablet elementor-reverse-mobile elementor-section-height-default elementor-section-height-default\" data-id=\"9875d33\" data-element_type=\"section\" id=\"pravo\" data-settings=\"{&quot;background_background&quot;:&quot;classic&quot;}\">\n\t\t\t\t\t\t<div class=\"elementor-container elementor-column-gap-default\">\n\t\t\t\t\t<div class=\"elementor-column elementor-col-50 elementor-top-column elementor-element elementor-element-a4ce532\" data-id=\"a4ce532\" data-element_type=\"column\">\n\t\t\t<div class=\"elementor-widget-wrap elementor-element-populated\">\n\t\t\t\t\t\t<div class=\"elementor-element elementor-element-43beaaf elementor-widget elementor-widget-image\" data-id=\"43beaaf\" data-element_type=\"widget\" data-widget_type=\"image.default\">\n\t\t\t\t<div class=\"elementor-widget-container\">\n\t\t\t\t\t\t\t\t\t\t\t\t\t<img decoding=\"async\" width=\"715\" height=\"575\" src=\"https:\/\/jovanoviclegal.com\/wp-content\/uploads\/2023\/05\/Untitled-1tzh.png\" class=\"attachment-large size-large wp-image-537\" alt=\"\" srcset=\"https:\/\/jovanoviclegal.com\/wp-content\/uploads\/2023\/05\/Untitled-1tzh.png 715w, https:\/\/jovanoviclegal.com\/wp-content\/uploads\/2023\/05\/Untitled-1tzh-300x241.png 300w\" sizes=\"(max-width: 715px) 100vw, 715px\" \/>\t\t\t\t\t\t\t\t\t\t\t\t\t<\/div>\n\t\t\t\t<\/div>\n\t\t\t\t\t<\/div>\n\t\t<\/div>\n\t\t\t\t<div class=\"elementor-column elementor-col-50 elementor-top-column elementor-element elementor-element-2d9c7b9\" data-id=\"2d9c7b9\" data-element_type=\"column\">\n\t\t\t<div class=\"elementor-widget-wrap elementor-element-populated\">\n\t\t\t\t\t\t<div class=\"elementor-element elementor-element-6dfff00 elementor-widget elementor-widget-heading\" data-id=\"6dfff00\" data-element_type=\"widget\" data-widget_type=\"heading.default\">\n\t\t\t\t<div class=\"elementor-widget-container\">\n\t\t\t<h2 class=\"elementor-heading-title elementor-size-default\">Labor law<\/h2>\t\t<\/div>\n\t\t\t\t<\/div>\n\t\t\t\t<div class=\"elementor-element elementor-element-01ba59f elementor-widget elementor-widget-text-editor\" data-id=\"01ba59f\" data-element_type=\"widget\" data-widget_type=\"text-editor.default\">\n\t\t\t\t<div class=\"elementor-widget-container\">\n\t\t\t\t\t\t\t<p>The proliferation of regulations, by-laws, legal opinions and case law make this vital area of business challenging from the perspective of in house lawyers. We are here to make it easier for you to navigate in this area of the law and offer the ideal solution for your smooth business operation. Some of the services we offer in this area include:<\/p>\t\t\t\t\t\t<\/div>\n\t\t\t\t<\/div>\n\t\t\t\t<div class=\"elementor-element elementor-element-493f5c1 elementor-widget elementor-widget-text-editor\" data-id=\"493f5c1\" data-element_type=\"widget\" data-widget_type=\"text-editor.default\">\n\t\t\t\t<div class=\"elementor-widget-container\">\n\t\t\t\t\t\t\t<ul><li>counseling regarding labor relations issues<\/li><li>representation in labor law disputes<\/li><li>preparation of complete labor law documentation (collective agreements, work regulations, regulations on the organization and systematization of work, all other general acts, as well as labor contracts and other individual acts)<\/li><li>layoffs and restructuring<\/li><li>providing legal advice on all aspects of occupational health and safety<\/li><li>assistance in obtaining work permits for foreign nationals<\/li><\/ul>\t\t\t\t\t\t<\/div>\n\t\t\t\t<\/div>\n\t\t\t\t\t<\/div>\n\t\t<\/div>\n\t\t\t\t\t<\/div>\n\t\t<\/section>\n\t\t\t\t<section class=\"elementor-section elementor-top-section elementor-element elementor-element-f91348d elementor-section-full_width nepokretnosti elementor-section-height-default elementor-section-height-default\" data-id=\"f91348d\" data-element_type=\"section\" id=\"nepokretnosti\" data-settings=\"{&quot;background_background&quot;:&quot;classic&quot;}\">\n\t\t\t\t\t\t<div class=\"elementor-container elementor-column-gap-default\">\n\t\t\t\t\t<div class=\"elementor-column elementor-col-50 elementor-top-column elementor-element elementor-element-52b7f0a\" data-id=\"52b7f0a\" data-element_type=\"column\">\n\t\t\t<div class=\"elementor-widget-wrap elementor-element-populated\">\n\t\t\t\t\t\t<div class=\"elementor-element elementor-element-6dbce18 elementor-widget elementor-widget-heading\" data-id=\"6dbce18\" data-element_type=\"widget\" data-widget_type=\"heading.default\">\n\t\t\t\t<div class=\"elementor-widget-container\">\n\t\t\t<h2 class=\"elementor-heading-title elementor-size-default\">Real estate<\/h2>\t\t<\/div>\n\t\t\t\t<\/div>\n\t\t\t\t<div class=\"elementor-element elementor-element-2e50970 elementor-widget elementor-widget-text-editor\" data-id=\"2e50970\" data-element_type=\"widget\" data-widget_type=\"text-editor.default\">\n\t\t\t\t<div class=\"elementor-widget-container\">\n\t\t\t\t\t\t\t<p>The expansion of the real estate market, frequent and significant changes in the regulations on construction, transfer and management of real estate and the consequences of the ill implemented transition to a market economy make legal assistance in this area indispensable. With an understanding of market needs and goals, our team is able to meet the high expectations of the clients in the business of construction. Main services in the field of real estate and construction are:<\/p>\t\t\t\t\t\t<\/div>\n\t\t\t\t<\/div>\n\t\t\t\t<div class=\"elementor-element elementor-element-0449707 elementor-widget elementor-widget-text-editor\" data-id=\"0449707\" data-element_type=\"widget\" data-widget_type=\"text-editor.default\">\n\t\t\t\t<div class=\"elementor-widget-container\">\n\t\t\t\t\t\t\t<ul><li>real estate due diligence<\/li><li>drawing up contracts on real estate transactions<\/li><li>representation in proceedings of legalization of real estate<\/li><li>representation in proceedings before the cadastre and other administrative bodies<\/li><li>representation before courts in real estate disputes<\/li><\/ul>\t\t\t\t\t\t<\/div>\n\t\t\t\t<\/div>\n\t\t\t\t\t<\/div>\n\t\t<\/div>\n\t\t\t\t<div class=\"elementor-column elementor-col-50 elementor-top-column elementor-element elementor-element-ba4639a\" data-id=\"ba4639a\" data-element_type=\"column\">\n\t\t\t<div class=\"elementor-widget-wrap elementor-element-populated\">\n\t\t\t\t\t\t<div class=\"elementor-element elementor-element-70d18d9 elementor-widget elementor-widget-image\" data-id=\"70d18d9\" data-element_type=\"widget\" data-widget_type=\"image.default\">\n\t\t\t\t<div class=\"elementor-widget-container\">\n\t\t\t\t\t\t\t\t\t\t\t\t\t<img loading=\"lazy\" decoding=\"async\" width=\"715\" height=\"575\" src=\"https:\/\/jovanoviclegal.com\/wp-content\/uploads\/2023\/05\/Untitled-1gbgf.png\" class=\"attachment-large size-large wp-image-445\" alt=\"\" srcset=\"https:\/\/jovanoviclegal.com\/wp-content\/uploads\/2023\/05\/Untitled-1gbgf.png 715w, https:\/\/jovanoviclegal.com\/wp-content\/uploads\/2023\/05\/Untitled-1gbgf-300x241.png 300w\" sizes=\"(max-width: 715px) 100vw, 715px\" \/>\t\t\t\t\t\t\t\t\t\t\t\t\t<\/div>\n\t\t\t\t<\/div>\n\t\t\t\t\t<\/div>\n\t\t<\/div>\n\t\t\t\t\t<\/div>\n\t\t<\/section>\n\t\t\t\t<section class=\"elementor-section elementor-top-section elementor-element elementor-element-81e5845 elementor-section-full_width poreskopravo elementor-reverse-tablet elementor-reverse-mobile elementor-section-height-default elementor-section-height-default\" data-id=\"81e5845\" data-element_type=\"section\" id=\"poreskopravo\" data-settings=\"{&quot;background_background&quot;:&quot;classic&quot;}\">\n\t\t\t\t\t\t<div class=\"elementor-container elementor-column-gap-default\">\n\t\t\t\t\t<div class=\"elementor-column elementor-col-50 elementor-top-column elementor-element elementor-element-d81ce2e\" data-id=\"d81ce2e\" data-element_type=\"column\">\n\t\t\t<div class=\"elementor-widget-wrap elementor-element-populated\">\n\t\t\t\t\t\t<div class=\"elementor-element elementor-element-d348df1 elementor-widget elementor-widget-image\" data-id=\"d348df1\" data-element_type=\"widget\" data-widget_type=\"image.default\">\n\t\t\t\t<div class=\"elementor-widget-container\">\n\t\t\t\t\t\t\t\t\t\t\t\t\t<img decoding=\"async\" width=\"715\" height=\"575\" src=\"https:\/\/jovanoviclegal.com\/wp-content\/uploads\/2023\/05\/Untitled-1tzh.png\" class=\"attachment-large size-large wp-image-537\" alt=\"\" srcset=\"https:\/\/jovanoviclegal.com\/wp-content\/uploads\/2023\/05\/Untitled-1tzh.png 715w, https:\/\/jovanoviclegal.com\/wp-content\/uploads\/2023\/05\/Untitled-1tzh-300x241.png 300w\" sizes=\"(max-width: 715px) 100vw, 715px\" \/>\t\t\t\t\t\t\t\t\t\t\t\t\t<\/div>\n\t\t\t\t<\/div>\n\t\t\t\t\t<\/div>\n\t\t<\/div>\n\t\t\t\t<div class=\"elementor-column elementor-col-50 elementor-top-column elementor-element elementor-element-04cbda1\" data-id=\"04cbda1\" data-element_type=\"column\">\n\t\t\t<div class=\"elementor-widget-wrap elementor-element-populated\">\n\t\t\t\t\t\t<div class=\"elementor-element elementor-element-c23cd02 elementor-widget elementor-widget-heading\" data-id=\"c23cd02\" data-element_type=\"widget\" data-widget_type=\"heading.default\">\n\t\t\t\t<div class=\"elementor-widget-container\">\n\t\t\t<h2 class=\"elementor-heading-title elementor-size-default\">Tax law<\/h2>\t\t<\/div>\n\t\t\t\t<\/div>\n\t\t\t\t<div class=\"elementor-element elementor-element-0c07220 elementor-widget elementor-widget-text-editor\" data-id=\"0c07220\" data-element_type=\"widget\" data-widget_type=\"text-editor.default\">\n\t\t\t\t<div class=\"elementor-widget-container\">\n\t\t\t\t\t\t\t<p>The need for constant monitoring of regulations, by-laws, opinions of relevant authorities and understanding of complex treaties for the avoidance of double taxation make the field of tax law one of the most difficult to practice. Our team, in cooperation with experts who have years of experience in the world's leading consulting companies in the field of tax consulting, provides efficient and reliable legal assistance in the area of tax law. The services we provide relate to:<\/p>\t\t\t\t\t\t<\/div>\n\t\t\t\t<\/div>\n\t\t\t\t<div class=\"elementor-element elementor-element-d8e5303 elementor-widget elementor-widget-text-editor\" data-id=\"d8e5303\" data-element_type=\"widget\" data-widget_type=\"text-editor.default\">\n\t\t\t\t<div class=\"elementor-widget-container\">\n\t\t\t\t\t\t\t<ul><li>tax consulting and tax optimization<\/li><li>representation in proceedings before tax authorities<\/li><li>representation in tax administrative disputes before the Administrative Court of the Republic of Serbia<\/li><\/ul>\t\t\t\t\t\t<\/div>\n\t\t\t\t<\/div>\n\t\t\t\t\t<\/div>\n\t\t<\/div>\n\t\t\t\t\t<\/div>\n\t\t<\/section>\n\t\t\t\t<\/div>","protected":false},"excerpt":{"rendered":"<p>Pravna lica Privredno pravo Iskustvo ste\u010deno u vode\u0107im advokatskim kancelarijama u zemlji uz rad na izazovnim projektima i slu\u010dajevima iz privrede \u010dini na\u0161u kancelariju kompetentnom da pru\u017ei pravnu pomo\u0107 na profesionalan, pouzdan i efikasan na\u010din. Izrada pravnih mi\u0161ljenja, dnevno savetovanje i zastupanje doma\u0107ih i stranih privrednih subjekata zahtevaju temeljan pristup uz poznavanje propisa, sudske prakse [&hellip;]<\/p>","protected":false},"author":2,"featured_media":0,"parent":0,"menu_order":0,"comment_status":"closed","ping_status":"closed","template":"","meta":{"footnotes":""},"class_list":["post-547","page","type-page","status-publish","hentry"],"_links":{"self":[{"href":"https:\/\/jovanoviclegal.com\/en\/wp-json\/wp\/v2\/pages\/547","targetHints":{"allow":["GET"]}}],"collection":[{"href":"https:\/\/jovanoviclegal.com\/en\/wp-json\/wp\/v2\/pages"}],"about":[{"href":"https:\/\/jovanoviclegal.com\/en\/wp-json\/wp\/v2\/types\/page"}],"author":[{"embeddable":true,"href":"https:\/\/jovanoviclegal.com\/en\/wp-json\/wp\/v2\/users\/2"}],"replies":[{"embeddable":true,"href":"https:\/\/jovanoviclegal.com\/en\/wp-json\/wp\/v2\/comments?post=547"}],"version-history":[{"count":251,"href":"https:\/\/jovanoviclegal.com\/en\/wp-json\/wp\/v2\/pages\/547\/revisions"}],"predecessor-version":[{"id":1923,"href":"https:\/\/jovanoviclegal.com\/en\/wp-json\/wp\/v2\/pages\/547\/revisions\/1923"}],"wp:attachment":[{"href":"https:\/\/jovanoviclegal.com\/en\/wp-json\/wp\/v2\/media?parent=547"}],"curies":[{"name":"wp","href":"https:\/\/api.w.org\/{rel}","templated":true}]}}