{"id":505,"date":"2023-05-15T09:03:08","date_gmt":"2023-05-15T09:03:08","guid":{"rendered":"https:\/\/jovanoviclegal.com\/?page_id=505"},"modified":"2023-08-29T11:48:24","modified_gmt":"2023-08-29T11:48:24","slug":"fizicka-lica","status":"publish","type":"page","link":"https:\/\/jovanoviclegal.com\/en\/fizicka-lica\/","title":{"rendered":"Individuals"},"content":{"rendered":"<div data-elementor-type=\"wp-page\" data-elementor-id=\"505\" class=\"elementor elementor-505\">\n\t\t\t\t\t\t<section class=\"elementor-section elementor-top-section elementor-element elementor-element-09a70a3 elementor-section-height-min-height elementor-section-boxed elementor-section-height-default elementor-section-items-middle\" data-id=\"09a70a3\" data-element_type=\"section\" data-settings=\"{&quot;background_background&quot;:&quot;classic&quot;}\">\n\t\t\t\t\t\t\t<div class=\"elementor-background-overlay\"><\/div>\n\t\t\t\t\t\t\t<div class=\"elementor-container elementor-column-gap-default\">\n\t\t\t\t\t<div class=\"elementor-column elementor-col-100 elementor-top-column elementor-element elementor-element-b24ae67\" data-id=\"b24ae67\" data-element_type=\"column\">\n\t\t\t<div class=\"elementor-widget-wrap elementor-element-populated\">\n\t\t\t\t\t\t<div class=\"elementor-element elementor-element-efeddea elementor-widget elementor-widget-heading\" data-id=\"efeddea\" data-element_type=\"widget\" data-widget_type=\"heading.default\">\n\t\t\t\t<div class=\"elementor-widget-container\">\n\t\t\t<style>\/*! elementor - v3.23.0 - 05-08-2024 *\/\n.elementor-heading-title{padding:0;margin:0;line-height:1}.elementor-widget-heading .elementor-heading-title[class*=elementor-size-]>a{color:inherit;font-size:inherit;line-height:inherit}.elementor-widget-heading .elementor-heading-title.elementor-size-small{font-size:15px}.elementor-widget-heading .elementor-heading-title.elementor-size-medium{font-size:19px}.elementor-widget-heading .elementor-heading-title.elementor-size-large{font-size:29px}.elementor-widget-heading .elementor-heading-title.elementor-size-xl{font-size:39px}.elementor-widget-heading .elementor-heading-title.elementor-size-xxl{font-size:59px}<\/style><h1 class=\"elementor-heading-title elementor-size-default\">Individuals<\/h1>\t\t<\/div>\n\t\t\t\t<\/div>\n\t\t\t\t<div class=\"elementor-element elementor-element-62df867 elementor-widget elementor-widget-shortcode\" data-id=\"62df867\" data-element_type=\"widget\" data-widget_type=\"shortcode.default\">\n\t\t\t\t<div class=\"elementor-widget-container\">\n\t\t\t\t\t<div class=\"elementor-shortcode\"><nav aria-label=\"breadcrumbs\" class=\"rank-math-breadcrumb\"><p><span class=\"last\">Home<\/span><\/p><\/nav><\/div>\n\t\t\t\t<\/div>\n\t\t\t\t<\/div>\n\t\t\t\t\t<\/div>\n\t\t<\/div>\n\t\t\t\t\t<\/div>\n\t\t<\/section>\n\t\t\t\t<section class=\"elementor-section elementor-top-section elementor-element elementor-element-e55c358 elementor-section-full_width radnopravo elementor-reverse-tablet elementor-reverse-mobile elementor-section-height-default elementor-section-height-default\" data-id=\"e55c358\" data-element_type=\"section\" id=\"radnopravo\" data-settings=\"{&quot;background_background&quot;:&quot;classic&quot;}\">\n\t\t\t\t\t\t<div class=\"elementor-container elementor-column-gap-default\">\n\t\t\t\t\t<div class=\"elementor-column elementor-col-50 elementor-top-column elementor-element elementor-element-b357def\" data-id=\"b357def\" data-element_type=\"column\">\n\t\t\t<div class=\"elementor-widget-wrap elementor-element-populated\">\n\t\t\t\t\t\t<div class=\"elementor-element elementor-element-cf43833 elementor-widget elementor-widget-image\" data-id=\"cf43833\" data-element_type=\"widget\" data-widget_type=\"image.default\">\n\t\t\t\t<div class=\"elementor-widget-container\">\n\t\t\t<style>\/*! elementor - v3.23.0 - 05-08-2024 *\/\n.elementor-widget-image{text-align:center}.elementor-widget-image a{display:inline-block}.elementor-widget-image a img[src$=\".svg\"]{width:48px}.elementor-widget-image img{vertical-align:middle;display:inline-block}<\/style>\t\t\t\t\t\t\t\t\t\t<img fetchpriority=\"high\" decoding=\"async\" width=\"715\" height=\"575\" src=\"https:\/\/jovanoviclegal.com\/wp-content\/uploads\/2023\/05\/Untitled-1tzh.png\" class=\"attachment-large size-large wp-image-537\" alt=\"\" srcset=\"https:\/\/jovanoviclegal.com\/wp-content\/uploads\/2023\/05\/Untitled-1tzh.png 715w, https:\/\/jovanoviclegal.com\/wp-content\/uploads\/2023\/05\/Untitled-1tzh-300x241.png 300w\" sizes=\"(max-width: 715px) 100vw, 715px\" \/>\t\t\t\t\t\t\t\t\t\t\t\t\t<\/div>\n\t\t\t\t<\/div>\n\t\t\t\t\t<\/div>\n\t\t<\/div>\n\t\t\t\t<div class=\"elementor-column elementor-col-50 elementor-top-column elementor-element elementor-element-15399cd\" data-id=\"15399cd\" data-element_type=\"column\">\n\t\t\t<div class=\"elementor-widget-wrap elementor-element-populated\">\n\t\t\t\t\t\t<div class=\"elementor-element elementor-element-4d9ecb2 elementor-widget elementor-widget-heading\" data-id=\"4d9ecb2\" data-element_type=\"widget\" data-widget_type=\"heading.default\">\n\t\t\t\t<div class=\"elementor-widget-container\">\n\t\t\t<h2 class=\"elementor-heading-title elementor-size-default\">Labor law<\/h2>\t\t<\/div>\n\t\t\t\t<\/div>\n\t\t\t\t<div class=\"elementor-element elementor-element-4bd7e1b elementor-widget elementor-widget-text-editor\" data-id=\"4bd7e1b\" data-element_type=\"widget\" data-widget_type=\"text-editor.default\">\n\t\t\t\t<div class=\"elementor-widget-container\">\n\t\t\t<style>\/*! elementor - v3.23.0 - 05-08-2024 *\/\n.elementor-widget-text-editor.elementor-drop-cap-view-stacked .elementor-drop-cap{background-color:#69727d;color:#fff}.elementor-widget-text-editor.elementor-drop-cap-view-framed .elementor-drop-cap{color:#69727d;border:3px solid;background-color:transparent}.elementor-widget-text-editor:not(.elementor-drop-cap-view-default) .elementor-drop-cap{margin-top:8px}.elementor-widget-text-editor:not(.elementor-drop-cap-view-default) .elementor-drop-cap-letter{width:1em;height:1em}.elementor-widget-text-editor .elementor-drop-cap{float:left;text-align:center;line-height:1;font-size:50px}.elementor-widget-text-editor .elementor-drop-cap-letter{display:inline-block}<\/style>\t\t\t\t<p>Changes caused by developments in the labor market, increasingly complex regulations in the field of labor relations with the abuse of a dominant position by certain employers lead to an increasing need for the provision of professional legal assistance in this area. We are here to protect all workers' rights in a professional and efficient manner. Some of the services we provide in the field of labor law refer to:<\/p>\t\t\t\t\t\t<\/div>\n\t\t\t\t<\/div>\n\t\t\t\t<div class=\"elementor-element elementor-element-f192cb5 elementor-widget elementor-widget-text-editor\" data-id=\"f192cb5\" data-element_type=\"widget\" data-widget_type=\"text-editor.default\">\n\t\t\t\t<div class=\"elementor-widget-container\">\n\t\t\t\t\t\t\t<ul><li>representation of employees in proceedings before the employer and the courts<\/li><li>realization of employees' rights regarding unpaid wages, reimbursement of expenses, illegal termination of employment, annulment of the annex to the employment contract, compensation for damages due to injuries at work<\/li><li>protection against mobbing and discrimination, representation in disciplinary proceedings<\/li><li>\u00a0counseling regarding labor relations issues<\/li><\/ul>\t\t\t\t\t\t<\/div>\n\t\t\t\t<\/div>\n\t\t\t\t\t<\/div>\n\t\t<\/div>\n\t\t\t\t\t<\/div>\n\t\t<\/section>\n\t\t\t\t<section class=\"elementor-section elementor-top-section elementor-element elementor-element-7be8482 elementor-section-full_width nepokretnosti elementor-section-height-default elementor-section-height-default\" data-id=\"7be8482\" data-element_type=\"section\" id=\"nepokretnosti\" data-settings=\"{&quot;background_background&quot;:&quot;classic&quot;}\">\n\t\t\t\t\t\t<div class=\"elementor-container elementor-column-gap-default\">\n\t\t\t\t\t<div class=\"elementor-column elementor-col-50 elementor-top-column elementor-element elementor-element-cee96f9\" data-id=\"cee96f9\" data-element_type=\"column\">\n\t\t\t<div class=\"elementor-widget-wrap elementor-element-populated\">\n\t\t\t\t\t\t<div class=\"elementor-element elementor-element-b06e4c0 elementor-widget elementor-widget-heading\" data-id=\"b06e4c0\" data-element_type=\"widget\" data-widget_type=\"heading.default\">\n\t\t\t\t<div class=\"elementor-widget-container\">\n\t\t\t<h2 class=\"elementor-heading-title elementor-size-default\">Real estate<\/h2>\t\t<\/div>\n\t\t\t\t<\/div>\n\t\t\t\t<div class=\"elementor-element elementor-element-9e3a341 elementor-widget elementor-widget-text-editor\" data-id=\"9e3a341\" data-element_type=\"widget\" data-widget_type=\"text-editor.default\">\n\t\t\t\t<div class=\"elementor-widget-container\">\n\t\t\t\t\t\t\t<p>The expansion of the real estate market, frequent and significant changes in the regulations on the construction and transfer and management of real estate and the consequences of the not so well implemented transition to a market economy make legal assistance in this area necessary. Our goal is to explain the intricacies of regulations in this area so that everyone can understand their rights and obligations, and to obtain the best solution for your problems. The main services in the field of real estate are the following:<\/p>\t\t\t\t\t\t<\/div>\n\t\t\t\t<\/div>\n\t\t\t\t<div class=\"elementor-element elementor-element-c483657 elementor-widget elementor-widget-text-editor\" data-id=\"c483657\" data-element_type=\"widget\" data-widget_type=\"text-editor.default\">\n\t\t\t\t<div class=\"elementor-widget-container\">\n\t\t\t\t\t\t\t<ul><li>real estate due diligence<\/li><li>drawing up contracts on real estate transactions\u00a0<\/li><li>representation in proceedings of legalization of real estate<\/li><li>representation in proceedings before the cadastre and other administrative bodies<\/li><li>representation before courts in real estate disputes<\/li><\/ul>\t\t\t\t\t\t<\/div>\n\t\t\t\t<\/div>\n\t\t\t\t\t<\/div>\n\t\t<\/div>\n\t\t\t\t<div class=\"elementor-column elementor-col-50 elementor-top-column elementor-element elementor-element-d421b94\" data-id=\"d421b94\" data-element_type=\"column\">\n\t\t\t<div class=\"elementor-widget-wrap elementor-element-populated\">\n\t\t\t\t\t\t<div class=\"elementor-element elementor-element-69c3a4f elementor-widget elementor-widget-image\" data-id=\"69c3a4f\" data-element_type=\"widget\" data-widget_type=\"image.default\">\n\t\t\t\t<div class=\"elementor-widget-container\">\n\t\t\t\t\t\t\t\t\t\t\t\t\t<img decoding=\"async\" width=\"715\" height=\"575\" src=\"https:\/\/jovanoviclegal.com\/wp-content\/uploads\/2023\/05\/Untitled-1gbgf.png\" class=\"attachment-large size-large wp-image-445\" alt=\"\" srcset=\"https:\/\/jovanoviclegal.com\/wp-content\/uploads\/2023\/05\/Untitled-1gbgf.png 715w, https:\/\/jovanoviclegal.com\/wp-content\/uploads\/2023\/05\/Untitled-1gbgf-300x241.png 300w\" sizes=\"(max-width: 715px) 100vw, 715px\" \/>\t\t\t\t\t\t\t\t\t\t\t\t\t<\/div>\n\t\t\t\t<\/div>\n\t\t\t\t\t<\/div>\n\t\t<\/div>\n\t\t\t\t\t<\/div>\n\t\t<\/section>\n\t\t\t\t<section class=\"elementor-section elementor-top-section elementor-element elementor-element-e416125 elementor-section-full_width ugovornopravo elementor-reverse-tablet elementor-reverse-mobile elementor-section-height-default elementor-section-height-default\" data-id=\"e416125\" data-element_type=\"section\" id=\"ugovornopravo\" data-settings=\"{&quot;background_background&quot;:&quot;classic&quot;}\">\n\t\t\t\t\t\t<div class=\"elementor-container elementor-column-gap-default\">\n\t\t\t\t\t<div class=\"elementor-column elementor-col-50 elementor-top-column elementor-element elementor-element-981c376\" data-id=\"981c376\" data-element_type=\"column\">\n\t\t\t<div class=\"elementor-widget-wrap elementor-element-populated\">\n\t\t\t\t\t\t<div class=\"elementor-element elementor-element-3ad58e8 elementor-widget elementor-widget-image\" data-id=\"3ad58e8\" data-element_type=\"widget\" data-widget_type=\"image.default\">\n\t\t\t\t<div class=\"elementor-widget-container\">\n\t\t\t\t\t\t\t\t\t\t\t\t\t<img decoding=\"async\" width=\"715\" height=\"575\" src=\"https:\/\/jovanoviclegal.com\/wp-content\/uploads\/2023\/05\/Untitled-1fdvbs.png\" class=\"attachment-large size-large wp-image-449\" alt=\"\" srcset=\"https:\/\/jovanoviclegal.com\/wp-content\/uploads\/2023\/05\/Untitled-1fdvbs.png 715w, https:\/\/jovanoviclegal.com\/wp-content\/uploads\/2023\/05\/Untitled-1fdvbs-300x241.png 300w\" sizes=\"(max-width: 715px) 100vw, 715px\" \/>\t\t\t\t\t\t\t\t\t\t\t\t\t<\/div>\n\t\t\t\t<\/div>\n\t\t\t\t\t<\/div>\n\t\t<\/div>\n\t\t\t\t<div class=\"elementor-column elementor-col-50 elementor-top-column elementor-element elementor-element-a8d0bc1\" data-id=\"a8d0bc1\" data-element_type=\"column\">\n\t\t\t<div class=\"elementor-widget-wrap elementor-element-populated\">\n\t\t\t\t\t\t<div class=\"elementor-element elementor-element-2cf4417 elementor-widget elementor-widget-heading\" data-id=\"2cf4417\" data-element_type=\"widget\" data-widget_type=\"heading.default\">\n\t\t\t\t<div class=\"elementor-widget-container\">\n\t\t\t<h2 class=\"elementor-heading-title elementor-size-default\">Contract law<\/h2>\t\t<\/div>\n\t\t\t\t<\/div>\n\t\t\t\t<div class=\"elementor-element elementor-element-d098304 elementor-widget elementor-widget-text-editor\" data-id=\"d098304\" data-element_type=\"widget\" data-widget_type=\"text-editor.default\">\n\t\t\t\t<div class=\"elementor-widget-container\">\n\t\t\t\t\t\t\t<p>A quality contract with full awareness of the rights and obligations of the contracting parties can prevent disputes and thus save funds for both parties. We are by your side from the initial stage of negotiations until the conclusion of the contract to ensure your legal certainty. The experience we have in the field of contract law guarantees the professional and conscientious preparation you need when concluding new deals. We provide the following services in this area:<\/p>\t\t\t\t\t\t<\/div>\n\t\t\t\t<\/div>\n\t\t\t\t<div class=\"elementor-element elementor-element-1143052 elementor-widget elementor-widget-text-editor\" data-id=\"1143052\" data-element_type=\"widget\" data-widget_type=\"text-editor.default\">\n\t\t\t\t<div class=\"elementor-widget-container\">\n\t\t\t\t\t\t\t<ul><li>analysis and drafting of all types of property disposal contracts<\/li><li>representation in negotiations regarding sales, leases and other contracts<\/li><li>representation before the courts in litigation, enforcement and non-litigation proceedings regarding all types of contracts, debt collection and compensation for damages<\/li><\/ul>\t\t\t\t\t\t<\/div>\n\t\t\t\t<\/div>\n\t\t\t\t\t<\/div>\n\t\t<\/div>\n\t\t\t\t\t<\/div>\n\t\t<\/section>\n\t\t\t\t<section class=\"elementor-section elementor-top-section elementor-element elementor-element-7bd10c3 elementor-section-full_width nasledno elementor-section-height-default elementor-section-height-default\" data-id=\"7bd10c3\" data-element_type=\"section\" id=\"nasledno\" data-settings=\"{&quot;background_background&quot;:&quot;classic&quot;}\">\n\t\t\t\t\t\t<div class=\"elementor-container elementor-column-gap-default\">\n\t\t\t\t\t<div class=\"elementor-column elementor-col-50 elementor-top-column elementor-element elementor-element-519562f\" data-id=\"519562f\" data-element_type=\"column\">\n\t\t\t<div class=\"elementor-widget-wrap elementor-element-populated\">\n\t\t\t\t\t\t<div class=\"elementor-element elementor-element-e726d79 elementor-widget elementor-widget-heading\" data-id=\"e726d79\" data-element_type=\"widget\" data-widget_type=\"heading.default\">\n\t\t\t\t<div class=\"elementor-widget-container\">\n\t\t\t<h2 class=\"elementor-heading-title elementor-size-default\">Family and inheritance law<\/h2>\t\t<\/div>\n\t\t\t\t<\/div>\n\t\t\t\t<div class=\"elementor-element elementor-element-7956fe0 elementor-widget elementor-widget-text-editor\" data-id=\"7956fe0\" data-element_type=\"widget\" data-widget_type=\"text-editor.default\">\n\t\t\t\t<div class=\"elementor-widget-container\">\n\t\t\t\t\t\t\t<p>Today it is easy to get a divorce, but despite this, there have never been doubts and complex legal problems in family relationships. The division of joint property, whether by agreement or before the court, requires a meticulous approach by legal experts. The interests of children and parents, determining the model of seeing children and determining the amount of financial obligations for child support are sensitive issues that require a multidisciplinary approach and maximum commitment. The complexity of inheritance law disputes requires a good knowledge of the matter and case law. We are here to provide you with reliable legal assistance in the field of family and inheritance law. The services we provide in the above areas refer to:<\/p>\t\t\t\t\t\t<\/div>\n\t\t\t\t<\/div>\n\t\t\t\t<div class=\"elementor-element elementor-element-d1c8fec elementor-widget elementor-widget-text-editor\" data-id=\"d1c8fec\" data-element_type=\"widget\" data-widget_type=\"text-editor.default\">\n\t\t\t\t<div class=\"elementor-widget-container\">\n\t\t\t\t\t\t\t<ul><li>drawing up prenuptial agreements<\/li><li>divorce<\/li><li>division of joint property<\/li><li>exercise of parental rights and alimony<\/li><li>drawing up will, life maintenance agreements, agreements on assignment and distribution of property<\/li><li>probate proceedings and inheritance disputes<\/li><\/ul>\t\t\t\t\t\t<\/div>\n\t\t\t\t<\/div>\n\t\t\t\t\t<\/div>\n\t\t<\/div>\n\t\t\t\t<div class=\"elementor-column elementor-col-50 elementor-top-column elementor-element elementor-element-b1058aa\" data-id=\"b1058aa\" data-element_type=\"column\">\n\t\t\t<div class=\"elementor-widget-wrap elementor-element-populated\">\n\t\t\t\t\t\t<div class=\"elementor-element elementor-element-267e0e2 elementor-widget elementor-widget-image\" data-id=\"267e0e2\" data-element_type=\"widget\" data-widget_type=\"image.default\">\n\t\t\t\t<div class=\"elementor-widget-container\">\n\t\t\t\t\t\t\t\t\t\t\t\t\t<img loading=\"lazy\" decoding=\"async\" width=\"715\" height=\"575\" src=\"https:\/\/jovanoviclegal.com\/wp-content\/uploads\/2023\/05\/Untitled-1rwgreg.png\" class=\"attachment-large size-large wp-image-453\" alt=\"\" srcset=\"https:\/\/jovanoviclegal.com\/wp-content\/uploads\/2023\/05\/Untitled-1rwgreg.png 715w, https:\/\/jovanoviclegal.com\/wp-content\/uploads\/2023\/05\/Untitled-1rwgreg-300x241.png 300w\" sizes=\"(max-width: 715px) 100vw, 715px\" \/>\t\t\t\t\t\t\t\t\t\t\t\t\t<\/div>\n\t\t\t\t<\/div>\n\t\t\t\t\t<\/div>\n\t\t<\/div>\n\t\t\t\t\t<\/div>\n\t\t<\/section>\n\t\t\t\t<section class=\"elementor-section elementor-top-section elementor-element elementor-element-8a437e4 elementor-section-full_width sportsko elementor-reverse-tablet elementor-reverse-mobile elementor-section-height-default elementor-section-height-default\" data-id=\"8a437e4\" data-element_type=\"section\" id=\"sportsko\" data-settings=\"{&quot;background_background&quot;:&quot;classic&quot;}\">\n\t\t\t\t\t\t<div class=\"elementor-container elementor-column-gap-default\">\n\t\t\t\t\t<div class=\"elementor-column elementor-col-50 elementor-top-column elementor-element elementor-element-507161b\" data-id=\"507161b\" data-element_type=\"column\">\n\t\t\t<div class=\"elementor-widget-wrap elementor-element-populated\">\n\t\t\t\t\t\t<div class=\"elementor-element elementor-element-ac0450e elementor-widget elementor-widget-image\" data-id=\"ac0450e\" data-element_type=\"widget\" data-widget_type=\"image.default\">\n\t\t\t\t<div class=\"elementor-widget-container\">\n\t\t\t\t\t\t\t\t\t\t\t\t\t<img loading=\"lazy\" decoding=\"async\" width=\"715\" height=\"575\" src=\"https:\/\/jovanoviclegal.com\/wp-content\/uploads\/2023\/05\/Untitled-1ZTKJZT.png\" class=\"attachment-large size-large wp-image-464\" alt=\"\" srcset=\"https:\/\/jovanoviclegal.com\/wp-content\/uploads\/2023\/05\/Untitled-1ZTKJZT.png 715w, https:\/\/jovanoviclegal.com\/wp-content\/uploads\/2023\/05\/Untitled-1ZTKJZT-300x241.png 300w\" sizes=\"(max-width: 715px) 100vw, 715px\" \/>\t\t\t\t\t\t\t\t\t\t\t\t\t<\/div>\n\t\t\t\t<\/div>\n\t\t\t\t\t<\/div>\n\t\t<\/div>\n\t\t\t\t<div class=\"elementor-column elementor-col-50 elementor-top-column elementor-element elementor-element-b9f54a8\" data-id=\"b9f54a8\" data-element_type=\"column\">\n\t\t\t<div class=\"elementor-widget-wrap elementor-element-populated\">\n\t\t\t\t\t\t<div class=\"elementor-element elementor-element-3aeb725 elementor-widget elementor-widget-heading\" data-id=\"3aeb725\" data-element_type=\"widget\" data-widget_type=\"heading.default\">\n\t\t\t\t<div class=\"elementor-widget-container\">\n\t\t\t<h2 class=\"elementor-heading-title elementor-size-default\">Sports Law<\/h2>\t\t<\/div>\n\t\t\t\t<\/div>\n\t\t\t\t<div class=\"elementor-element elementor-element-6d7e050 elementor-widget elementor-widget-text-editor\" data-id=\"6d7e050\" data-element_type=\"widget\" data-widget_type=\"text-editor.default\">\n\t\t\t\t<div class=\"elementor-widget-container\">\n\t\t\t\t\t\t\t<p>Short career of athletes, the possibility of sustaining injuries, along with specific regulations in this area make it necessary to provide legal support to professional athletes in order to get the financial maximum out of their careers. We are here to support you by advising and settling unpaid compensations. Some of the services we provide in the field of sports law refer to:<\/p>\t\t\t\t\t\t<\/div>\n\t\t\t\t<\/div>\n\t\t\t\t<div class=\"elementor-element elementor-element-0bc8251 elementor-widget elementor-widget-text-editor\" data-id=\"0bc8251\" data-element_type=\"widget\" data-widget_type=\"text-editor.default\">\n\t\t\t\t<div class=\"elementor-widget-container\">\n\t\t\t\t\t\t\t<ul><li>representation of athletes in disciplinary proceedings and before arbitration<\/li><li>legal support in negotiations regarding the transfer of players<\/li><li>\u00a0legal counseling of athletes<\/li><li>drawing up contracts in sports, such as contracts on hiring coaches, management contracts, etc.<\/li><\/ul>\t\t\t\t\t\t<\/div>\n\t\t\t\t<\/div>\n\t\t\t\t\t<\/div>\n\t\t<\/div>\n\t\t\t\t\t<\/div>\n\t\t<\/section>\n\t\t\t\t<section class=\"elementor-section elementor-top-section elementor-element elementor-element-5f058c9 elementor-section-full_width poreskopravo elementor-section-height-default elementor-section-height-default\" data-id=\"5f058c9\" data-element_type=\"section\" id=\"poreskopravo\" data-settings=\"{&quot;background_background&quot;:&quot;classic&quot;}\">\n\t\t\t\t\t\t<div class=\"elementor-container elementor-column-gap-default\">\n\t\t\t\t\t<div class=\"elementor-column elementor-col-50 elementor-top-column elementor-element elementor-element-b4a5248\" data-id=\"b4a5248\" data-element_type=\"column\">\n\t\t\t<div class=\"elementor-widget-wrap elementor-element-populated\">\n\t\t\t\t\t\t<div class=\"elementor-element elementor-element-58d8556 elementor-widget elementor-widget-heading\" data-id=\"58d8556\" data-element_type=\"widget\" data-widget_type=\"heading.default\">\n\t\t\t\t<div class=\"elementor-widget-container\">\n\t\t\t<h2 class=\"elementor-heading-title elementor-size-default\"> Tax law<\/h2>\t\t<\/div>\n\t\t\t\t<\/div>\n\t\t\t\t<div class=\"elementor-element elementor-element-518792f elementor-widget elementor-widget-text-editor\" data-id=\"518792f\" data-element_type=\"widget\" data-widget_type=\"text-editor.default\">\n\t\t\t\t<div class=\"elementor-widget-container\">\n\t\t\t\t\t\t\t<p>The need for constant monitoring of regulations, by-laws, opinions of relevant authorities and understanding of complex treaties for the avoidance of double taxation make the field of tax law one of the most difficult to practice. Our team, in cooperation with experts who have years of experience in the world's leading consulting companies in the field of tax consulting, provides efficient and reliable legal assistance in the area of tax law. The services we provide relate to:<\/p>\t\t\t\t\t\t<\/div>\n\t\t\t\t<\/div>\n\t\t\t\t<div class=\"elementor-element elementor-element-3819dda elementor-widget elementor-widget-text-editor\" data-id=\"3819dda\" data-element_type=\"widget\" data-widget_type=\"text-editor.default\">\n\t\t\t\t<div class=\"elementor-widget-container\">\n\t\t\t\t\t\t\t<ul><li>tax consulting and tax optimization<\/li><li>representation in proceedings before tax authorities<\/li><li>representation in tax administrative disputes before the Administrative Court of the Republic of Serbia<\/li><\/ul>\t\t\t\t\t\t<\/div>\n\t\t\t\t<\/div>\n\t\t\t\t\t<\/div>\n\t\t<\/div>\n\t\t\t\t<div class=\"elementor-column elementor-col-50 elementor-top-column elementor-element elementor-element-843f39c\" data-id=\"843f39c\" data-element_type=\"column\">\n\t\t\t<div class=\"elementor-widget-wrap elementor-element-populated\">\n\t\t\t\t\t\t<div class=\"elementor-element elementor-element-e19192b elementor-widget elementor-widget-image\" data-id=\"e19192b\" data-element_type=\"widget\" data-widget_type=\"image.default\">\n\t\t\t\t<div class=\"elementor-widget-container\">\n\t\t\t\t\t\t\t\t\t\t\t\t\t<img loading=\"lazy\" decoding=\"async\" width=\"715\" height=\"575\" src=\"https:\/\/jovanoviclegal.com\/wp-content\/uploads\/2023\/05\/Untitled-1SAREGTER.png\" class=\"attachment-large size-large wp-image-460\" alt=\"\" srcset=\"https:\/\/jovanoviclegal.com\/wp-content\/uploads\/2023\/05\/Untitled-1SAREGTER.png 715w, https:\/\/jovanoviclegal.com\/wp-content\/uploads\/2023\/05\/Untitled-1SAREGTER-300x241.png 300w\" sizes=\"(max-width: 715px) 100vw, 715px\" \/>\t\t\t\t\t\t\t\t\t\t\t\t\t<\/div>\n\t\t\t\t<\/div>\n\t\t\t\t\t<\/div>\n\t\t<\/div>\n\t\t\t\t\t<\/div>\n\t\t<\/section>\n\t\t\t\t<\/div>","protected":false},"excerpt":{"rendered":"<p>Fizi\u010dka lica Radno pravo: Promene izazvane de\u0161avanjima na tr\u017ei\u0161tu radne snage, sve kompleksniji propisi u oblasti radnih odnosa uz zloupotrebu dominantnog polo\u017eaja od strane odre\u0111enih poslodavaca dovode do sve ve\u0107e potrebe za pru\u017eanjem stru\u010dne pravne pomo\u0107i u ovoj oblasti.\u00a0 Tu smo da za\u0161titimo sva prava radnika na profesionalan i efikasan na\u010din. Neke od usluga koje [&hellip;]<\/p>","protected":false},"author":2,"featured_media":0,"parent":0,"menu_order":0,"comment_status":"closed","ping_status":"closed","template":"","meta":{"footnotes":""},"class_list":["post-505","page","type-page","status-publish","hentry"],"_links":{"self":[{"href":"https:\/\/jovanoviclegal.com\/en\/wp-json\/wp\/v2\/pages\/505","targetHints":{"allow":["GET"]}}],"collection":[{"href":"https:\/\/jovanoviclegal.com\/en\/wp-json\/wp\/v2\/pages"}],"about":[{"href":"https:\/\/jovanoviclegal.com\/en\/wp-json\/wp\/v2\/types\/page"}],"author":[{"embeddable":true,"href":"https:\/\/jovanoviclegal.com\/en\/wp-json\/wp\/v2\/users\/2"}],"replies":[{"embeddable":true,"href":"https:\/\/jovanoviclegal.com\/en\/wp-json\/wp\/v2\/comments?post=505"}],"version-history":[{"count":193,"href":"https:\/\/jovanoviclegal.com\/en\/wp-json\/wp\/v2\/pages\/505\/revisions"}],"predecessor-version":[{"id":1901,"href":"https:\/\/jovanoviclegal.com\/en\/wp-json\/wp\/v2\/pages\/505\/revisions\/1901"}],"wp:attachment":[{"href":"https:\/\/jovanoviclegal.com\/en\/wp-json\/wp\/v2\/media?parent=505"}],"curies":[{"name":"wp","href":"https:\/\/api.w.org\/{rel}","templated":true}]}}